{"id":1293,"date":"2019-04-10T15:17:45","date_gmt":"2019-04-10T14:17:45","guid":{"rendered":"https:\/\/www.eilandgalerij.nl\/privacy-declaration\/"},"modified":"2019-04-10T16:08:05","modified_gmt":"2019-04-10T15:08:05","slug":"datenschutzerklaerung","status":"publish","type":"page","link":"https:\/\/www.eilandgalerij.nl\/de\/datenschutzerklaerung\/","title":{"rendered":"Datenschutzerkl\u00e4rung"},"content":{"rendered":"<h1>Datenschutzerkl\u00e4rung<\/h1>\n<p>Texel Island Gallery, Postweg 72, Zuider-Eierland, 1795 JR De Cocksdorp Texel ist f\u00fcr die Verarbeitung personenbezogener Daten gem\u00e4\u00df dieser Datenschutzerkl\u00e4rung verantwortlich.<\/p>\n<p><strong>Kontaktinformationen:<\/strong><\/p>\n<p>www.eilandgalerij.nl<br \/>\nPostweg 72 Zuider-Eierland<br \/>\n1795 JR De Cocksdorp<br \/>\n0222-311214<\/p>\n<h3>Personenbezogene Daten, die wir verarbeiten<\/h3>\n<p>Island Gallery Texel verarbeitet Ihre pers\u00f6nlichen Daten, weil Sie unsere Dienste nutzen und \/ oder weil Sie uns diese selbst zur Verf\u00fcgung stellen. Nachfolgend finden Sie eine \u00dcbersicht der personenbezogenen Daten, die wir verarbeiten:<br \/>\n\u2022 Vor- und \/ oder Nachname<br \/>\n\u2022 E-Mail-Adresse<br \/>\n\u2022 Telefonnummer<\/p>\n<h3>Besondere und \/ oder sensible pers\u00f6nliche Daten, die wir verarbeiten<\/h3>\n<p>Unsere Website und \/ oder unser Service beabsichtigt nicht, Daten \u00fcber Website-Besucher unter 16 Jahren zu erheben. Es sei denn, sie haben die Erlaubnis der Eltern oder des Vormunds. Wir k\u00f6nnen jedoch nicht pr\u00fcfen, ob ein Besucher \u00e4lter als 16 ist. Wir empfehlen Eltern daher, an den Online-Aktivit\u00e4ten ihrer Kinder teilzunehmen, um zu verhindern, dass Daten \u00fcber Kinder ohne Einwilligung der Eltern erhoben werden. Wenn Sie \u00fcberzeugt sind, dass wir ohne diese Erlaubnis pers\u00f6nliche Informationen \u00fcber einen Minderj\u00e4hrigen gesammelt haben, kontaktieren Sie uns bitte unter info@eilandgalerij.nl und wir werden diese Informationen entfernen.<\/p>\n<h3>Zu welchem \u200b\u200bZweck und auf welcher Grundlage verarbeiten wir personenbezogene Daten<\/h3>\n<p>Island Gallery Texel verarbeitet Ihre pers\u00f6nlichen Daten zu folgenden Zwecken:<br \/>\nUm Sie anrufen oder per E-Mail kontaktieren zu k\u00f6nnen, wenn dies erforderlich ist, um unsere Dienstleistungen erbringen zu k\u00f6nnen.<\/p>\n<h3>Automatisierte Entscheidungsfindung<\/h3>\n<p>Die Inselgalerie Texel trifft keine Entscheidungen auf der Grundlage einer automatisierten Verarbeitung \u00fcber Angelegenheiten, die (erhebliche) Folgen f\u00fcr die Menschen haben k\u00f6nnen. Dies sind Entscheidungen, die von Computerprogrammen oder -systemen getroffen werden, ohne dass ein Mensch (wie etwa ein Mitarbeiter der Island Gallery Texel) darunter ist.<\/p>\n<h3>Wie lange halten wir personenbezogene Daten?<\/h3>\n<p>Island Gallery Texel speichert Ihre personenbezogenen Daten nicht l\u00e4nger als unbedingt erforderlich, um die Zwecke zu erfassen, f\u00fcr die Ihre Daten erhoben werden.<\/p>\n<h3>Weitergabe personenbezogener Daten an Dritte<\/h3>\n<p>Island Gallery Texel erbringt nur an Dritte und nur dann, wenn dies zur Durchf\u00fchrung unserer Vereinbarung mit Ihnen oder zur Erf\u00fcllung einer gesetzlichen Verpflichtung erforderlich ist.<\/p>\n<h3>Cookies oder \u00e4hnliche Techniken, die wir verwenden<\/h3>\n<p>Island Gallery Texel verwendet nur technische und funktionelle Cookies. Ein Cookie ist eine kleine Textdatei, die beim ersten Besuch dieser Website auf Ihrem Computer, Tablet oder Smartphone gespeichert wird. Die von uns verwendeten Cookies sind f\u00fcr den technischen Betrieb der Website und Ihre Benutzerfreundlichkeit erforderlich. Sie stellen sicher, dass die Website ordnungsgem\u00e4\u00df funktioniert, und erinnern sich beispielsweise an Ihre Pr\u00e4ferenzen. Wir k\u00f6nnen dies auch nutzen, um unsere Website zu optimieren. Sie k\u00f6nnen Cookies ablehnen, indem Sie Ihren Internetbrowser so einstellen, dass er keine Cookies mehr speichert. Dar\u00fcber hinaus k\u00f6nnen Sie auch alle Informationen l\u00f6schen, die zuvor \u00fcber die Einstellungen Ihres Browsers gespeichert wurden.<\/p>\n<h3>Daten anzeigen, \u00e4ndern oder l\u00f6schen<\/h3>\n<p>Sie haben das Recht, Ihre pers\u00f6nlichen Daten einzusehen, zu korrigieren oder zu l\u00f6schen. Dar\u00fcber hinaus haben Sie das Recht, Ihre Einwilligung zur Datenverarbeitung zu widerrufen oder der Verarbeitung Ihrer personenbezogenen Daten durch Island Gallery Texel zu widersprechen, und Sie haben ein Recht auf Datentransferf\u00e4higkeit. Das bedeutet, dass Sie eine Anfrage an uns senden k\u00f6nnen, um die personenbezogenen Daten, die wir \u00fcber Sie in einer Computerdatei gespeichert haben, an Sie oder eine andere von Ihnen genannte Organisation zu senden. Sie k\u00f6nnen einen Antrag auf Auskunft, Berichtigung, L\u00f6schung, Daten\u00fcbermittlung Ihrer pers\u00f6nlichen Daten oder den Widerruf Ihrer Einwilligung oder Widerspruch gegen die Verarbeitung Ihrer personenbezogenen Daten an info@eilandgalerij.nl senden. Um sicherzustellen, dass die Kontrollanfrage von Ihnen gestellt wurde, bitten wir Sie, eine Kopie Ihres Identit\u00e4tsnachweises mit der Anfrage zu senden. Machen Sie in dieser Kopie Ihr Passfoto, MRZ (maschinenlesbare Zone, der Streifen mit den Zahlen am unteren Rand des Passes), Passnummer und B\u00fcrgerservice-Nummer (BSN) schwarz. Dies dient zum Schutz Ihrer Privatsph\u00e4re. Wir werden Ihre Anfrage so schnell wie m\u00f6glich beantworten, jedoch innerhalb von vier Wochen. Island Gallery Texel weist auch darauf hin, dass Sie die M\u00f6glichkeit haben, eine Beschwerde bei der nationalen Datenschutzbeh\u00f6rde, der niederl\u00e4ndischen Datenschutzbeh\u00f6rde, einzureichen. Dies ist \u00fcber folgenden Link m\u00f6glich:<br \/>\nhttps:\/\/autoriteitonergegevens.nl\/nl\/contact-met-de-autoriteit-persongegevens\/tip-ons<\/p>\n<h3>Wie sch\u00fctzen wir pers\u00f6nliche Daten?<\/h3>\n<p>Island Gallery Texel nimmt den Schutz Ihrer Daten ernst und ergreift geeignete Ma\u00dfnahmen, um Missbrauch, Verlust, unbefugten Zugriff, unerw\u00fcnschte Offenlegung und unbefugte \u00c4nderungen zu verhindern. Wenn Sie den Eindruck haben, dass Ihre Daten nicht ordnungsgem\u00e4\u00df gesch\u00fctzt sind oder Anzeichen von Missbrauch vorliegen, wenden Sie sich bitte an info@eilandgalerij.nl<\/p>\n","protected":false},"excerpt":{"rendered":"<p>Datenschutzerkl\u00e4rung Texel Island Gallery, Postweg 72, Zuider-Eierland, 1795 JR De Cocksdorp Texel ist f\u00fcr die Verarbeitung personenbezogener Daten gem\u00e4\u00df dieser Datenschutzerkl\u00e4rung verantwortlich. Kontaktinformationen: www.eilandgalerij.nl Postweg 72 Zuider-Eierland 1795 JR De Cocksdorp 0222-311214 Personenbezogene Daten, die wir verarbeiten Island Gallery Texel verarbeitet Ihre pers\u00f6nlichen Daten, weil Sie unsere Dienste nutzen und \/ oder weil Sie uns <a class=\"more-link\" href=\"https:\/\/www.eilandgalerij.nl\/de\/datenschutzerklaerung\/\" rel=\"nofollow\">lees meer&nbsp;><\/a><\/p>\n","protected":false},"author":3,"featured_media":0,"parent":0,"menu_order":0,"comment_status":"closed","ping_status":"closed","template":"","meta":{"_acf_changed":false,"_genesis_hide_title":false,"_genesis_hide_breadcrumbs":false,"_genesis_hide_singular_image":false,"_genesis_hide_footer_widgets":false,"_genesis_custom_body_class":"","_genesis_custom_post_class":"","_genesis_layout":"","footnotes":""},"class_list":{"0":"post-1293","1":"page","2":"type-page","3":"status-publish","5":"entry"},"acf":[],"_links":{"self":[{"href":"https:\/\/www.eilandgalerij.nl\/de\/wp-json\/wp\/v2\/pages\/1293","targetHints":{"allow":["GET"]}}],"collection":[{"href":"https:\/\/www.eilandgalerij.nl\/de\/wp-json\/wp\/v2\/pages"}],"about":[{"href":"https:\/\/www.eilandgalerij.nl\/de\/wp-json\/wp\/v2\/types\/page"}],"author":[{"embeddable":true,"href":"https:\/\/www.eilandgalerij.nl\/de\/wp-json\/wp\/v2\/users\/3"}],"replies":[{"embeddable":true,"href":"https:\/\/www.eilandgalerij.nl\/de\/wp-json\/wp\/v2\/comments?post=1293"}],"version-history":[{"count":3,"href":"https:\/\/www.eilandgalerij.nl\/de\/wp-json\/wp\/v2\/pages\/1293\/revisions"}],"predecessor-version":[{"id":1298,"href":"https:\/\/www.eilandgalerij.nl\/de\/wp-json\/wp\/v2\/pages\/1293\/revisions\/1298"}],"wp:attachment":[{"href":"https:\/\/www.eilandgalerij.nl\/de\/wp-json\/wp\/v2\/media?parent=1293"}],"curies":[{"name":"wp","href":"https:\/\/api.w.org\/{rel}","templated":true}]}}