{"id":429,"date":"2014-11-07T18:37:10","date_gmt":"2014-11-07T17:37:10","guid":{"rendered":"http:\/\/www.eilandgalerij.nl\/site\/?page_id=429"},"modified":"2023-04-01T16:18:39","modified_gmt":"2023-04-01T15:18:39","slug":"kontakt","status":"publish","type":"page","link":"https:\/\/www.eilandgalerij.nl\/de\/kontakt\/","title":{"rendered":"Kontakt"},"content":{"rendered":"<h1>\u00d6FFNUNGSZEITEN<\/h1>\n<p>Die Eiland Galerij ist mit Garten und historischem Klassenzimmer<br \/>\nvom Fr\u00fchjahr bis zum Herbst ge\u00f6ffnet:<\/p>\n<p><strong>Mittwoch bis Sonntag von 10.30 bis 17.00 Uhr,<\/p>\n<p>F\u00fcr die Instandhaltung des denkmalgesch\u00fctzten Geb\u00e4udes<br \/>\nwird\u00a0 5,00 Euro Eintritt gefragt.<br \/>\nKinder von 10-16 Jahren: 2,50 Euro<br \/>\n<\/strong><\/p>\n<p>W\u00e4hrend des Winters (November bis M\u00e4rz)<br \/>\nkonzentrieren wir uns auf die Arbeit im Atelier.<br \/>\nDann gelten die \u00d6ffnungszeiten nicht, aber sie sind herzlich willkommen<br \/>\nunsere k\u00fcnstlerischen Arbeiten nach Absprache zu sehen.<\/p>\n<h1>Kontakt<\/h1>\n<div style=\"display: block; width: 290px; float: left; margin-top: 30px; margin-right: 50px;\">\n<div class=\"wpcf7 no-js\" id=\"wpcf7-f584-o1\" lang=\"nl-NL\" dir=\"ltr\" data-wpcf7-id=\"584\">\n<div class=\"screen-reader-response\"><p role=\"status\" aria-live=\"polite\" aria-atomic=\"true\"><\/p> <ul><\/ul><\/div>\n<form action=\"\/de\/wp-json\/wp\/v2\/pages\/429#wpcf7-f584-o1\" method=\"post\" class=\"wpcf7-form init\" aria-label=\"Contactformulier\" novalidate=\"novalidate\" data-status=\"init\">\n<fieldset class=\"hidden-fields-container\"><input type=\"hidden\" name=\"_wpcf7\" value=\"584\" \/><input type=\"hidden\" name=\"_wpcf7_version\" value=\"6.1.5\" \/><input type=\"hidden\" name=\"_wpcf7_locale\" value=\"nl_NL\" \/><input type=\"hidden\" name=\"_wpcf7_unit_tag\" value=\"wpcf7-f584-o1\" \/><input type=\"hidden\" name=\"_wpcf7_container_post\" value=\"0\" \/><input type=\"hidden\" name=\"_wpcf7_posted_data_hash\" value=\"\" \/><input type=\"hidden\" name=\"_wpcf7_recaptcha_response\" value=\"\" \/>\n<\/fieldset>\n<p>Ihr Name<span style=\"color:#FF0000; font-weight:bold;\">*<\/span> :\n<\/p>\n<p><span class=\"wpcf7-form-control-wrap\" data-name=\"your-name\"><input size=\"40\" maxlength=\"400\" class=\"wpcf7-form-control wpcf7-text wpcf7-validates-as-required\" aria-required=\"true\" aria-invalid=\"false\" value=\"\" type=\"text\" name=\"your-name\" \/><\/span>\n<\/p>\n<p>Ihre E -Mail-Adresse<span style=\"color:#FF0000; font-weight:bold;\">*<\/span> :\n<\/p>\n<p><span class=\"wpcf7-form-control-wrap\" data-name=\"your-email\"><input size=\"40\" maxlength=\"400\" class=\"wpcf7-form-control wpcf7-email wpcf7-validates-as-required wpcf7-text wpcf7-validates-as-email\" aria-required=\"true\" aria-invalid=\"false\" value=\"\" type=\"email\" name=\"your-email\" \/><\/span>\n<\/p>\n<p>Ihre Telefonnummer :\n<\/p>\n<p><span class=\"wpcf7-form-control-wrap\" data-name=\"Telefoonnummer\"><input size=\"40\" maxlength=\"400\" class=\"wpcf7-form-control wpcf7-text\" aria-invalid=\"false\" value=\"\" type=\"text\" name=\"Telefoonnummer\" \/><\/span>\n<\/p>\n<p>Ihre Nachricht<span style=\"color:#FF0000; font-weight:bold;\">*<\/span> :\n<\/p>\n<p><span class=\"wpcf7-form-control-wrap\" data-name=\"your-message\"><textarea cols=\"40\" rows=\"10\" maxlength=\"2000\" class=\"wpcf7-form-control wpcf7-textarea wpcf7-validates-as-required\" aria-required=\"true\" aria-invalid=\"false\" name=\"your-message\"><\/textarea><\/span>\n<\/p>\n<p><span class=\"wpcf7-form-control-wrap wpgdprc\"><span class=\"wpcf7-form-control wpcf7-wpgdprc wpcf7-validates-as-required\"><span class=\"wpcf7-list-item\"><input type=\"checkbox\" name=\"wpgdprc\" value=\"1\" aria-required=\"true\" aria-invalid=\"false\" \/><span class=\"wpcf7-list-item-label\">Ich stimme der Speicherung und Verarbeitung meiner Daten durch diese Website zu.<\/span><\/span><\/span>    <\/span>\n<\/p>\n<p><input class=\"wpcf7-form-control wpcf7-submit has-spinner\" type=\"submit\" value=\"Senden\" \/>\n<\/p>\n<p>Bitte lesen Sie hier unsere <a href=\"https:\/\/www.eilandgalerij.nl\/de\/datenschutzerklaerung\/\">Datenschutzerkl\u00e4rung<\/a>\n<\/p><div class=\"wpcf7-response-output\" aria-hidden=\"true\"><\/div>\n<\/form>\n<\/div>\n<\/div>\n<div style=\"display: block; width: 250px; float: left; margin-top: 30px; padding-bottom: 20px;\"><strong>DE EILAND GALERIJ<\/strong><br \/>\nPOSTWEG 72, ZUID-EIERLAND<br \/>\n1795 JR DE COCKSDORP<br \/>\nTEXEL<br \/>\n0222-311214<br \/>\nEmail: <a href=\"mailto:Info@eilandgalerij.nl\">Info@eilandgalerij.nl<\/a><\/div>\n<p><img loading=\"lazy\" decoding=\"async\" class=\"alignnone size-full wp-image-628\" src=\"http:\/\/www.eilandgalerij.nl\/site\/wp-content\/uploads\/2014\/09\/Eiland-Galerij-kaartje-31.png\" alt=\"Eiland Galerij Texel\" width=\"450\" height=\"542\" srcset=\"https:\/\/www.eilandgalerij.nl\/site\/wp-content\/uploads\/2014\/09\/Eiland-Galerij-kaartje-31.png 450w, https:\/\/www.eilandgalerij.nl\/site\/wp-content\/uploads\/2014\/09\/Eiland-Galerij-kaartje-31-249x300.png 249w\" sizes=\"auto, (max-width: 450px) 100vw, 450px\" \/><\/p>\n","protected":false},"excerpt":{"rendered":"<p>\u00d6FFNUNGSZEITEN Die Eiland Galerij ist mit Garten und historischem Klassenzimmer vom Fr\u00fchjahr bis zum Herbst ge\u00f6ffnet: Mittwoch bis Sonntag von 10.30 bis 17.00 Uhr, F\u00fcr die Instandhaltung des denkmalgesch\u00fctzten Geb\u00e4udes wird\u00a0 5,00 Euro Eintritt gefragt. Kinder von 10-16 Jahren: 2,50 Euro W\u00e4hrend des Winters (November bis M\u00e4rz) konzentrieren wir uns auf die Arbeit im Atelier. <a class=\"more-link\" href=\"https:\/\/www.eilandgalerij.nl\/de\/kontakt\/\" rel=\"nofollow\">lees meer&nbsp;><\/a><\/p>\n","protected":false},"author":3,"featured_media":0,"parent":0,"menu_order":7,"comment_status":"closed","ping_status":"closed","template":"","meta":{"_acf_changed":false,"_genesis_hide_title":false,"_genesis_hide_breadcrumbs":false,"_genesis_hide_singular_image":false,"_genesis_hide_footer_widgets":false,"_genesis_custom_body_class":"","_genesis_custom_post_class":"","_genesis_layout":"","footnotes":""},"class_list":{"0":"post-429","1":"page","2":"type-page","3":"status-publish","5":"entry"},"acf":[],"_links":{"self":[{"href":"https:\/\/www.eilandgalerij.nl\/de\/wp-json\/wp\/v2\/pages\/429","targetHints":{"allow":["GET"]}}],"collection":[{"href":"https:\/\/www.eilandgalerij.nl\/de\/wp-json\/wp\/v2\/pages"}],"about":[{"href":"https:\/\/www.eilandgalerij.nl\/de\/wp-json\/wp\/v2\/types\/page"}],"author":[{"embeddable":true,"href":"https:\/\/www.eilandgalerij.nl\/de\/wp-json\/wp\/v2\/users\/3"}],"replies":[{"embeddable":true,"href":"https:\/\/www.eilandgalerij.nl\/de\/wp-json\/wp\/v2\/comments?post=429"}],"version-history":[{"count":4,"href":"https:\/\/www.eilandgalerij.nl\/de\/wp-json\/wp\/v2\/pages\/429\/revisions"}],"predecessor-version":[{"id":1127,"href":"https:\/\/www.eilandgalerij.nl\/de\/wp-json\/wp\/v2\/pages\/429\/revisions\/1127"}],"wp:attachment":[{"href":"https:\/\/www.eilandgalerij.nl\/de\/wp-json\/wp\/v2\/media?parent=429"}],"curies":[{"name":"wp","href":"https:\/\/api.w.org\/{rel}","templated":true}]}}