{"id":437,"date":"2014-11-08T16:11:21","date_gmt":"2014-11-08T15:11:21","guid":{"rendered":"http:\/\/www.eilandgalerij.nl\/site\/?page_id=437"},"modified":"2014-12-06T13:01:59","modified_gmt":"2014-12-06T12:01:59","slug":"galerie","status":"publish","type":"page","link":"https:\/\/www.eilandgalerij.nl\/de\/galerie\/","title":{"rendered":"Galerie"},"content":{"rendered":"<h1>Die Eiland Galerij<\/h1>\n<p>Die Eiland Galerij auf der Watteninsel Texel wurde von dem bildendem K\u00fcnstler Niek Welboren gegr\u00fcndet. Bereits 1978 ergriff er die Initiative der ehemaligen Schule von Zuid-Eierland eine k\u00fcnstlerische Bestimmung zu geben. Sein verwirklichter Traum ist inzwischen der am l\u00e4ngsten bestehende Ausstellungsraum f\u00fcr Kunst auf Texel.<br \/>\nDurch Erhalt und vor allem durch Restaurierung der urspr\u00fcnglichen Stilelemente hat er das charakteristische Geb\u00e4ude von 1912 umgebaut und als Atelier und Ausstellungs-<br \/>\nraum eingerichtet. Im Laufe der Jahre entstand eine \u201cInsel der Kunst\u201d; ein Lebenswerk, das einmalig genannt werden darf. In der au\u00dfergew\u00f6hnlichen Atmosph\u00e4re des Geb\u00e4udes wirken die Bilder von Niek Welboren seit 1994 zusammen mit den keramischen Objekten von Partnerin Kerstin Edelmann besonders harmonisch.<br \/>\nAu\u00dferdem wird ihre Keramik im naturnah angelegten Garten auf originelle Weise pr\u00e4sentiert. Die Eiland Galerij ist mit permanenter und wechselnden Ausstellungen<br \/>\nim Innen- und Au\u00dfenbereich eine besondere Insel der Kunst- auf Texel!<\/p>\n<h1>NIEK WELBOREN<\/h1>\n<p><img loading=\"lazy\" decoding=\"async\" class=\"alignnone size-medium wp-image-514\" src=\"http:\/\/www.eilandgalerij.nl\/site\/wp-content\/uploads\/2014\/09\/NIEK-WELBOREN-300x225.jpg\" alt=\"NIEK WELBOREN\" width=\"300\" height=\"225\" srcset=\"https:\/\/www.eilandgalerij.nl\/site\/wp-content\/uploads\/2014\/09\/NIEK-WELBOREN-300x225.jpg 300w, https:\/\/www.eilandgalerij.nl\/site\/wp-content\/uploads\/2014\/09\/NIEK-WELBOREN.jpg 700w\" sizes=\"auto, (max-width: 300px) 100vw, 300px\" \/><br \/>\nDas Werk von Niek Welboren auf Papier und Leinwand ist inspiriert von den zeitlosen Elementen, die die Insel umringen: Wasser, Sand, Wolken und Wind. K\u00fcstenlandschaften in der n\u00e4heren Umgebung oder Felsformationen auf Inseln in der Ferne, bilden eine bleibende Inspirationsquelle f\u00fcr seine Zeichnungen und Gem\u00e4lde. Raum und Bewegung sind wichtige Kennzeichen seiner oft abstrahierten Insel- impressionen. Skizzen und Naturstudien \u00fcbersetzt er im Atelier in Gem\u00e4lde, meistens von gro\u00dfz\u00fcgigem Format. Er arbeitet vorzugsweise mit \u00d6lfarbe, manchmal mit Acryl. Aquarellfarbe, Bleistift, Kreide und Tinte werden f\u00fcr Arbeiten auf Papier verwendet.<a title=\"Niek Welboren\" href=\"http:\/\/www.eilandgalerij.nl\/de\/niek-welboren\/\"> Lesen Sie mehr &gt;<\/a><\/p>\n<h1>KERSTIN EDELMANN<\/h1>\n<p><img loading=\"lazy\" decoding=\"async\" class=\"alignnone size-medium wp-image-675\" src=\"http:\/\/www.eilandgalerij.nl\/site\/wp-content\/uploads\/2014\/09\/PORTRET-WEBSITE-1-300x225.jpg\" alt=\"KERSTIN EDELMANN\" width=\"300\" height=\"225\" srcset=\"https:\/\/www.eilandgalerij.nl\/site\/wp-content\/uploads\/2014\/09\/PORTRET-WEBSITE-1-300x225.jpg 300w, https:\/\/www.eilandgalerij.nl\/site\/wp-content\/uploads\/2014\/09\/PORTRET-WEBSITE-1.jpg 700w\" sizes=\"auto, (max-width: 300px) 100vw, 300px\" \/><br \/>\nDie Arbeiten aus Ton von Kerstin Edelmann werden intuitiv von Hand aufgebaut.<br \/>\nIhre Skulpturen und Objekte erwachsen aus der Formensprache des Wassers.<br \/>\nDie Farben, Formen und Strukturen der K\u00fcste sind in vielen Objekten zu finden.<br \/>\nEin charakteristisches Motiv ihrer Keramik ist die Spirale als Ursymbol von Leben und \u201cEnt-wicklung\u201d.<br \/>\nKerstin Edelmanns Wasserwesen, Muschel- und Str\u00f6mungsformen werden haupt-s\u00e4chlich bei Steinzeugtemperatur gebrannt. Diese Objekte sind auch f\u00fcr den Au\u00dfen-bereich geignet. Ab und zu wird Irdenware oder Raku gebrannt. <a title=\"Kerstin Edelmann\" href=\"http:\/\/www.eilandgalerij.nl\/de\/kerstin-edelmann\/\">Lesen Sie mehr &gt;<\/a><\/p>\n<h1>OSTERINSEL<\/h1>\n<p><img loading=\"lazy\" decoding=\"async\" class=\"alignnone size-medium wp-image-526\" src=\"http:\/\/www.eilandgalerij.nl\/site\/wp-content\/uploads\/2014\/09\/website-300x225.jpg\" alt=\"DROMER VAN RAPA NUI\" width=\"300\" height=\"225\" srcset=\"https:\/\/www.eilandgalerij.nl\/site\/wp-content\/uploads\/2014\/09\/website-300x225.jpg 300w, https:\/\/www.eilandgalerij.nl\/site\/wp-content\/uploads\/2014\/09\/website.jpg 700w\" sizes=\"auto, (max-width: 300px) 100vw, 300px\" \/><br \/>\nVor der Eiland Galerij steht eine bemerkenswerte Skulptur:<br \/>\n\u201cDer Tr\u00e4umer von Rapa Nui\u201d wurde 1993 vor Ort durch Bene Aukara Tuki Pate aus Tuffstein gehauen.<br \/>\nDer Moai ist ein bleibendes Symbol f\u00fcr die Verbindung zwischen der Osterinsel und Texel. In der Eiland Galerij wird die geheimnisvolle Geschichte der Insel durch Zeichnungen von Niek Welboren illustriert. <a title=\"Osterinsel\" href=\"http:\/\/www.eilandgalerij.nl\/de\/osterinsel\/\">Lesen Sie mehr &gt;<\/a><\/p>\n<h1>GESCHICHTE<\/h1>\n<p><img loading=\"lazy\" decoding=\"async\" class=\"alignnone size-medium wp-image-394\" src=\"http:\/\/www.eilandgalerij.nl\/site\/wp-content\/uploads\/2014\/11\/01_Historie_image01-300x215.jpg\" alt=\"Schule von Zuid-Eierland\" width=\"300\" height=\"215\" srcset=\"https:\/\/www.eilandgalerij.nl\/site\/wp-content\/uploads\/2014\/11\/01_Historie_image01-300x215.jpg 300w, https:\/\/www.eilandgalerij.nl\/site\/wp-content\/uploads\/2014\/11\/01_Historie_image01.jpg 639w\" sizes=\"auto, (max-width: 300px) 100vw, 300px\" \/><br \/>\nNeben der Pr\u00e4sentation von Malerei, Zeichnungen und Keramik wird bewu\u00dft auch der Geschichte in dem denkmalgesch\u00fctzten Geb\u00e4ude ein Platz einger\u00e4umt: Zum einen werden fr\u00fchere Werke gezeigt, zum anderen l\u00e4sst das historische Klassenzimmer mit einer authentischen Sammlung die Schulgeschichte lebendig werden.<br \/>\nInmitten von Schulb\u00e4nken, Lese- und Wandtafeln k\u00f6nnen sie auch \u201cnachsitzen\u201d. Hier darf jetzt getr\u00e4umt werden\u2026<a title=\"Geschichte\" href=\"http:\/\/www.eilandgalerij.nl\/de\/geschichte\/\"> Lesen Sie mehr &gt;<\/a><\/p>\n<p>&nbsp;<\/p>\n<p>&nbsp;<\/p>\n<p>&nbsp;<\/p>\n","protected":false},"excerpt":{"rendered":"<p>Die Eiland Galerij Die Eiland Galerij auf der Watteninsel Texel wurde von dem bildendem K\u00fcnstler Niek Welboren gegr\u00fcndet. Bereits 1978 ergriff er die Initiative der ehemaligen Schule von Zuid-Eierland eine k\u00fcnstlerische Bestimmung zu geben. Sein verwirklichter Traum ist inzwischen der am l\u00e4ngsten bestehende Ausstellungsraum f\u00fcr Kunst auf Texel. Durch Erhalt und vor allem durch Restaurierung <a class=\"more-link\" href=\"https:\/\/www.eilandgalerij.nl\/de\/galerie\/\" rel=\"nofollow\">lees meer&nbsp;><\/a><\/p>\n","protected":false},"author":3,"featured_media":0,"parent":0,"menu_order":1,"comment_status":"open","ping_status":"closed","template":"","meta":{"_acf_changed":false,"_genesis_hide_title":false,"_genesis_hide_breadcrumbs":false,"_genesis_hide_singular_image":false,"_genesis_hide_footer_widgets":false,"_genesis_custom_body_class":"","_genesis_custom_post_class":"","_genesis_layout":"","footnotes":""},"class_list":{"0":"post-437","1":"page","2":"type-page","3":"status-publish","5":"entry"},"acf":[],"_links":{"self":[{"href":"https:\/\/www.eilandgalerij.nl\/de\/wp-json\/wp\/v2\/pages\/437","targetHints":{"allow":["GET"]}}],"collection":[{"href":"https:\/\/www.eilandgalerij.nl\/de\/wp-json\/wp\/v2\/pages"}],"about":[{"href":"https:\/\/www.eilandgalerij.nl\/de\/wp-json\/wp\/v2\/types\/page"}],"author":[{"embeddable":true,"href":"https:\/\/www.eilandgalerij.nl\/de\/wp-json\/wp\/v2\/users\/3"}],"replies":[{"embeddable":true,"href":"https:\/\/www.eilandgalerij.nl\/de\/wp-json\/wp\/v2\/comments?post=437"}],"version-history":[{"count":0,"href":"https:\/\/www.eilandgalerij.nl\/de\/wp-json\/wp\/v2\/pages\/437\/revisions"}],"wp:attachment":[{"href":"https:\/\/www.eilandgalerij.nl\/de\/wp-json\/wp\/v2\/media?parent=437"}],"curies":[{"name":"wp","href":"https:\/\/api.w.org\/{rel}","templated":true}]}}