{"id":451,"date":"2014-09-17T10:06:41","date_gmt":"2014-09-17T09:06:41","guid":{"rendered":"http:\/\/www.eilandgalerij.nl\/site\/kerstin-edelmann-2\/"},"modified":"2023-06-29T16:23:11","modified_gmt":"2023-06-29T15:23:11","slug":"kerstin-edelmann","status":"publish","type":"page","link":"https:\/\/www.eilandgalerij.nl\/de\/kerstin-edelmann\/","title":{"rendered":"Kerstin Edelmann"},"content":{"rendered":"<h1>Kerstin Edelmann<\/h1>\n<p>Kerstin Edelmann wurde 1965 in Neustadt (Schleswig Holstein) geboren.<br \/>\n1972 zog die Familie von der Ostsee nach Tettnang in der N\u00e4he des Bodensees.<br \/>\nDort verbrachte Kerstin ihre Schulzeit bis zum Abitur.<br \/>\nSie wuchs naturverbunden auf dem Lande auf. Mit Ton als plastischem Material war sie bereits in ihrer Kindheit vertraut. Ihre Mutter war eine begeisterte und fachkundige Hobbyt\u00f6pferin, die ihre Tochter zu einer kunsthandwerklichen Ausbildung ermunterte.<\/p>\n<p>Von 1984 bis 1987 besuchte Kerstin die Berufsfachschule f\u00fcr Keramik in Landshut (Bayern). Anschlie\u00dfend folgten orientierende Atelierbesuche und Praktika bei Keramikern in England. Nach einer k\u00fcnstlerischen Grundausbildung an der Freien Kunstschule Ravensburg absolvierte sie ab 1989 eine vier Jahre lange Ausbildung an der Fachhochschule f\u00fcr Kunsttherapie in N\u00fcrtingen (Baden W\u00fcrttemberg).<br \/>\nKerstin entschied sich f\u00fcr eine erg\u00e4nzende Ausbildung, weil sie damit rechnete, da\u00df es schwer sein w\u00fcrde, allein vom Verkauf keramischer Objekte den Lebensunterhalt zu finanzieren.<br \/>\nParallel zu dieser Ausbildung besuchte sie die Fachklasse f\u00fcr Keramische Plastik an der Freien Kunstschule N\u00fcrtingen. Studienbegleitend folgten verschiedene Praktika, u.a. zwei Mal in Schottland.<br \/>\n1990 begegnete sie w\u00e4hrend eines Praktikums an der schottischen Westk\u00fcste dem Maler Niek Welboren, der sp\u00e4ter ihr Lebenspartner wird.<br \/>\nNach einer kurzen Arbeitsperiode als Kunsttherapeutin in B\u00fchlertal im Schwarzwald, beschlie\u00dft sie nach Texel zu ziehen.<\/p>\n<p>Im Fr\u00fchjahr 1994 l\u00e4\u00dft sie sich als professionelle Keramikerin in Zuid-Eierland nieder.<br \/>\nAuf einer Insel zu leben, war ein lang gehegter Wunsch; sie f\u00fchlt sich schnell zuhause auf Texel in einem f\u00fcr sie neuem Land.<\/p>\n<p>Bereits w\u00e4hrend ihrer Studienjahre war sie begeistert von Muscheln und Schnecken-h\u00e4usern, die sie im kleinen Rahmen modellierte. In einer Abschlu\u00dfarbeit verarbeitete sie die Spirale und die Schnecke als Thema.<\/p>\n<p>Die Formensprache ihres neuen wasserreichen Lebensraumes pa\u00dft wie selbstverst\u00e4ndlich zu ihrem eigenen Lebensgef\u00fchl. Das Element Wasser bietet eine unersch\u00f6pfliche Inspirationsquelle. Die Insel gibt neue Impulse und \u201cSpielraum\u201d, das vertraute Thema weiter auszubauen und zu vertiefen.<br \/>\nDie Spirale als Urform von Leben und organischer Ent-wicklung ist ein charakteristisches Motiv. Neben Muscheln und Spiralformen werden auf intuitive Weise freie Objekte geformt. Bewu\u00dfte Ver-suche und unbewu\u00dfte Impulse flie\u00dfen beim Entstehen ihrer Keramik zusammen. Manche Formen wachsen organisch, andere \u201ctauchen\u201d- wortw\u00f6rtlich \u201cauf\u201d.<br \/>\nMit der Natur als Ausgangspunkt entstehen Wasserwesen, Str\u00f6mungsformen, pflanzen\u00e4hnliche Wachstumsformen und Menschfiguren.<br \/>\nDer Mythos von Aphrodite\/Venus, der aus Meeresschaum geborenen G\u00f6ttin (der Liebe und der Sch\u00f6nheit), die in einer Muschel an Land komt, inspiriert zum Modellieren von stehenden Frauenfiguren.<\/p>\n<p>URVERLANGEN<\/p>\n<p>Geist<br \/>\nversunken<img loading=\"lazy\" decoding=\"async\" class=\"alignright wp-image-346 \" src=\"http:\/\/www.eilandgalerij.nl\/site\/wp-content\/uploads\/2014\/11\/09_Kerstin_Edelmann_venus.jpg\" alt=\"09_Kerstin_Edelmann_venus\" width=\"415\" height=\"568\" srcset=\"https:\/\/www.eilandgalerij.nl\/site\/wp-content\/uploads\/2014\/11\/09_Kerstin_Edelmann_venus.jpg 300w, https:\/\/www.eilandgalerij.nl\/site\/wp-content\/uploads\/2014\/11\/09_Kerstin_Edelmann_venus-219x300.jpg 219w\" sizes=\"auto, (max-width: 415px) 100vw, 415px\" \/><br \/>\nin den Wassern<br \/>\nozeanische<br \/>\nUnendlichkeit<br \/>\nKorallen, Fische<br \/>\nMuscheln<br \/>\nMeer in allen Farben<\/p>\n<p>Mich treiben lassen<br \/>\nwie die Nixen<br \/>\ndicht beim Ursprung<br \/>\ntr\u00e4umend<br \/>\nschwerelos<br \/>\ngewogen<\/p>\n<p>In geheimnisvoller<br \/>\nTiefe<br \/>\nerleben<br \/>\ndass alles flie\u00dft<br \/>\newiges Pulsieren<br \/>\nder Wellen<br \/>\nEbbe und Flut<\/p>\n<p>Den Durst stillen<br \/>\nam Seinsgrund<br \/>\nund neugeboren<br \/>\nauftauchen<\/p>\n<p>Wie die aus<br \/>\nMeerschaum geborene<br \/>\nVenus<\/p>\n<p><em>(Kerstin Edelmann)<\/em><\/p>\n<p>Ihre Frauenfiguren haben sich inzwischen entwickelt von Venus-Aphrodite zu Sophia und Ariadne mit dem Labyrinth als dem verbindenden Element. Als kulturelles Symbol schlie\u00dft das Labyrinth bei der nat\u00fcrlichen Bewegung der Spirale an.<br \/>\nKerstin Edelmann l\u00e4\u00dft sich auch inspirieren von fr\u00fchzeitlichen Tonfiguren, die f\u00fcr sie eine zeitlose Lebenskraft ausstrahlen.<\/p>\n<h2>ARBEITSWEISE<\/h2>\n<p>Die Arbeiten werden haupts\u00e4chlich von Hand aus Tonstreifen aufgebaut; dies geschieht ohne Hilfsformen. Kerstin Edelmann verwendet verschiedene Sorten Ton: fein und grob, weiss, rot, schwarz etc. Sie hat eine Vorliebe f\u00fcr kr\u00e4ftige Strukturen, diese entstehen durch Bearbeitung mit Holz, Stein und verschiedenen Fundst\u00fccken. Das Formen und Bauen stehen bei ihrer Arbeit im Vordergrund; Glasur wird sparsam gebraucht, um verwitterte Oberfl\u00e4chen und ausgewaschene Farbeffekte zu erreichen. Glasuren macht sie nach eigenem Rezept, au\u00dferdem verwendet sie Fertigglasuren als Basis, die sie nach Bedarf umwandelt.<br \/>\nViele ihrer Objekte sind auch f\u00fcr drau\u00dfen geignet. Der gr\u00f6\u00dfte Teil wird in einem elektrischen Ofen gebrannt. Nach dem Schr\u00fchbrand bei 950\u1d52 C folgt ein Steinzeug-Glasurbrand bei 1250\u1d52 C. Ab und zu wird Irdenware (1100\u1d52 C) oder Raku (1050\u1d52 C) gebrannt.<\/p>\n<p>Neben der permanenten Ausstellung auf der Insel zeigt sie ihre Arbeiten gelegentlich am Festland. Kerstin Edelmann war Mitglied des Niederl\u00e4ndischen Keramikerfachbundes <a href=\"http:\/\/www.nvk-keramiek.nl\/\" target=\"_blank\" rel=\"noopener\">NVK.<\/a><br \/>\nbis zur Aufhebung des Vereins 2022.<br \/>\nKerstin absolvierte die BIK-Ausbildung (Berufsk\u00fcnstler in der Klasse) in Amsterdam und sie gibt auf Anfrage Workshops.<br \/>\nDrei mal nahm sie bisher Teil an dem Kunstprojekt <a href=\"http:\/\/klifhanger\">Klifhangertexel.nl<\/a> in den Hoorn.<\/p>\n<p><img loading=\"lazy\" decoding=\"async\" class=\"alignnone size-medium wp-image-929\" src=\"http:\/\/www.eilandgalerij.nl\/site\/wp-content\/uploads\/2014\/09\/100_6095-300x225.jpg\" alt=\"LABYRINT NOVALISHOEVE\" width=\"300\" height=\"225\" srcset=\"https:\/\/www.eilandgalerij.nl\/site\/wp-content\/uploads\/2014\/09\/100_6095-300x225.jpg 300w, https:\/\/www.eilandgalerij.nl\/site\/wp-content\/uploads\/2014\/09\/100_6095.jpg 700w\" sizes=\"auto, (max-width: 300px) 100vw, 300px\" \/>\u00a0 <img loading=\"lazy\" decoding=\"async\" class=\"alignnone size-medium wp-image-2003\" src=\"https:\/\/www.eilandgalerij.nl\/site\/wp-content\/uploads\/2021\/07\/IMG-20210627-WA0003-300x225.jpg\" alt=\"\" width=\"300\" height=\"225\" srcset=\"https:\/\/www.eilandgalerij.nl\/site\/wp-content\/uploads\/2021\/07\/IMG-20210627-WA0003-300x225.jpg 300w, https:\/\/www.eilandgalerij.nl\/site\/wp-content\/uploads\/2021\/07\/IMG-20210627-WA0003.jpg 700w\" sizes=\"auto, (max-width: 300px) 100vw, 300px\" \/>\u00a0 <img loading=\"lazy\" decoding=\"async\" class=\"alignnone size-medium wp-image-2254\" src=\"https:\/\/www.eilandgalerij.nl\/site\/wp-content\/uploads\/2023\/06\/IMG_3212-300x225.jpg\" alt=\"\" width=\"300\" height=\"225\" srcset=\"https:\/\/www.eilandgalerij.nl\/site\/wp-content\/uploads\/2023\/06\/IMG_3212-300x225.jpg 300w, https:\/\/www.eilandgalerij.nl\/site\/wp-content\/uploads\/2023\/06\/IMG_3212.jpg 700w\" sizes=\"auto, (max-width: 300px) 100vw, 300px\" \/><\/p>\n<p>Im Fr\u00fchjahr 2014 hat Kerstin Edelmann mit den Bewohnern von Zorgboerderij <a title=\"SIEBEN PFADE LABYRINTH\" href=\"http:\/\/novalishoeve.nl\">Novalishoeve<\/a> auf Texel ein Sieben Pfade Labyrinth angelegt. Es hat einen Durchmesser von 13,4 Meter und wurde mit gebrauchten Steinen gebaut.<\/p>\n<p><img loading=\"lazy\" decoding=\"async\" class=\"alignnone size-medium wp-image-930\" src=\"http:\/\/www.eilandgalerij.nl\/site\/wp-content\/uploads\/2014\/09\/DSC00663small-202x300.jpg\" alt=\"ONTHULLING\" width=\"202\" height=\"300\" srcset=\"https:\/\/www.eilandgalerij.nl\/site\/wp-content\/uploads\/2014\/09\/DSC00663small-202x300.jpg 202w, https:\/\/www.eilandgalerij.nl\/site\/wp-content\/uploads\/2014\/09\/DSC00663small.jpg 472w\" sizes=\"auto, (max-width: 202px) 100vw, 202px\" \/><\/p>\n<p>Kerstin Edelmann arbeitet auch in Auftrag.<\/p>\n<p>Im Laufe der Jahre hat sie sich auf Texel als professionelle Keramikerin weiterentwickelt. Sie hat ihren eigene Stil und eine eigene Formensprache gefunden.<br \/>\nKerstin Edelmann sieht ihre Arbeit als eine Suche nach zeitlosen Urformen von Mensch und Natur, denen sie in Ton neues Leben schenkt.<\/p>\n","protected":false},"excerpt":{"rendered":"<p>Kerstin Edelmann Kerstin Edelmann wurde 1965 in Neustadt (Schleswig Holstein) geboren. 1972 zog die Familie von der Ostsee nach Tettnang in der N\u00e4he des Bodensees. Dort verbrachte Kerstin ihre Schulzeit bis zum Abitur. Sie wuchs naturverbunden auf dem Lande auf. Mit Ton als plastischem Material war sie bereits in ihrer Kindheit vertraut. Ihre Mutter war <a class=\"more-link\" href=\"https:\/\/www.eilandgalerij.nl\/de\/kerstin-edelmann\/\" rel=\"nofollow\">lees meer&nbsp;><\/a><\/p>\n","protected":false},"author":3,"featured_media":0,"parent":0,"menu_order":3,"comment_status":"closed","ping_status":"closed","template":"","meta":{"_acf_changed":false,"_genesis_hide_title":false,"_genesis_hide_breadcrumbs":false,"_genesis_hide_singular_image":false,"_genesis_hide_footer_widgets":false,"_genesis_custom_body_class":"","_genesis_custom_post_class":"","_genesis_layout":"","footnotes":""},"class_list":{"0":"post-451","1":"page","2":"type-page","3":"status-publish","5":"entry"},"acf":[],"_links":{"self":[{"href":"https:\/\/www.eilandgalerij.nl\/de\/wp-json\/wp\/v2\/pages\/451","targetHints":{"allow":["GET"]}}],"collection":[{"href":"https:\/\/www.eilandgalerij.nl\/de\/wp-json\/wp\/v2\/pages"}],"about":[{"href":"https:\/\/www.eilandgalerij.nl\/de\/wp-json\/wp\/v2\/types\/page"}],"author":[{"embeddable":true,"href":"https:\/\/www.eilandgalerij.nl\/de\/wp-json\/wp\/v2\/users\/3"}],"replies":[{"embeddable":true,"href":"https:\/\/www.eilandgalerij.nl\/de\/wp-json\/wp\/v2\/comments?post=451"}],"version-history":[{"count":4,"href":"https:\/\/www.eilandgalerij.nl\/de\/wp-json\/wp\/v2\/pages\/451\/revisions"}],"predecessor-version":[{"id":2267,"href":"https:\/\/www.eilandgalerij.nl\/de\/wp-json\/wp\/v2\/pages\/451\/revisions\/2267"}],"wp:attachment":[{"href":"https:\/\/www.eilandgalerij.nl\/de\/wp-json\/wp\/v2\/media?parent=451"}],"curies":[{"name":"wp","href":"https:\/\/api.w.org\/{rel}","templated":true}]}}