{"id":460,"date":"2014-09-17T10:06:21","date_gmt":"2014-09-17T09:06:21","guid":{"rendered":"http:\/\/www.eilandgalerij.nl\/site\/niek-welboren-2\/"},"modified":"2015-10-15T16:26:08","modified_gmt":"2015-10-15T15:26:08","slug":"niek-welboren","status":"publish","type":"page","link":"https:\/\/www.eilandgalerij.nl\/de\/niek-welboren\/","title":{"rendered":"Niek Welboren"},"content":{"rendered":"<h1>Niek Welboren<\/h1>\n<p>Maler und Zeichner Niek Welboren wurde 1946 in Den Helder geboren.<br \/>\nSeit 1954 wohnt er auf Texel, auf der anderen Seite des \u201cMarsdiep\u201d. Bereits fr\u00fch zeigte sich deutlich seine kreatives Talent. Unter dem Dachgiebel des elterlichen Hauses hatte er sein eigenes \u201cAtelier\u201d und dachte an eine Zukunft als \u201cArtist\u201d.<br \/>\nMit zw\u00f6lf Jahren verkaufte er stolz seine ersten Tusche- und Wasserfarbezeichnungen auf dem B\u00fcrgersteig der Buchhandlung seines Vaters in Den Burg. Er bekam Anregungen und tr\u00e4umte von einer Ausbildung an der \u201cKnutselschool\u201d (Bastelschule), womit er damals die Kunstakademie meinte\u2026<\/p>\n<p>Niek Welboren blieb auch w\u00e4hrend seiner Schulzeit ein Tr\u00e4umer und verpasste dadurch Chancen f\u00fcr eine weitere Ausbildung. Er fand Arbeit als Schaufenstergestalter. Inzwischen entwickelte er sich weiter als Zeichner mit einem romantischen Gef\u00fchl f\u00fcr die Texelsche Landschaft. Eine Serie detaillierter Tuschezeichnungen wurde gedruckt und zum Verkauf angeboten.<br \/>\n1966 zeigte er zum ersten Mal im Rahmen einer Ausstellung seine Zeichnungen, Aquarelle und einzelne \u00d6lgem\u00e4lde zusammen mit einem anderen jungen Insulaner.<\/p>\n<p><img loading=\"lazy\" decoding=\"async\" class=\"alignnone size-medium wp-image-955\" src=\"http:\/\/www.eilandgalerij.nl\/site\/wp-content\/uploads\/2014\/09\/DEN-HOORN-oude-Rabo-300x201.jpg\" alt=\"DEN HOORN 1964\" width=\"300\" height=\"201\" srcset=\"https:\/\/www.eilandgalerij.nl\/site\/wp-content\/uploads\/2014\/09\/DEN-HOORN-oude-Rabo-300x201.jpg 300w, https:\/\/www.eilandgalerij.nl\/site\/wp-content\/uploads\/2014\/09\/DEN-HOORN-oude-Rabo.jpg 700w\" sizes=\"auto, (max-width: 300px) 100vw, 300px\" \/><\/p>\n<p>1968 liess er sich in Oudeschild nieder, wo er in einem kleinen, alten Fischerhaus einen einfachen Laden f\u00fcr den Verkauf von Originalen und Kunstdrucken einrichtete.<br \/>\nWieder enstanden Zeichnungen Texelscher Landschaften und wurden reproduziert in Umlauf gebracht. In seinem denkmalgesch\u00fctzten H\u00e4usschen am Deich entstanden charakteristische Miniaturen. Als kreativer Unternehmer entwarf er, um seinen Lebensunterhalt zu bestreiten, Logo\u2019s, Beschriftungen und Siebdruckarbeiten,<br \/>\ngestaltete Schaufenster und baute St\u00e4nde.<\/p>\n<p>1975 beschloss er sich vollst\u00e4ndig auf die Malerei zu konzentrieren und endlich K\u00fcnstler zu sein. In der Zukunft wollte er unabh\u00e4ngig sein und leben f\u00fcr die Kunst.<br \/>\nEr wollte auch leben von seiner Kunst und dies bewu\u00dft ohne Unterst\u00fctzung durch nationale K\u00fcnstlerbeihilfe. Er pr\u00e4sentierte sich aufs Neue mit einer Ausstellung von phantasievollen, freien Arbeiten in Den Burg.<\/p>\n<p>Aufgewachsen auf der kleinen Insel Texel wuchs das Bed\u00fcrfnis den eigenen Horizont zu erweitern und andere M\u00f6glichkeiten zu entdecken. Reisen nach Gro\u00dfbritannien lieferten erfrischende Motive und Inspiration. Ein l\u00e4ngerer Aufenthalt auf der Insel Mull an der Westk\u00fcste von Schottland gab neue Impulse und brachte eine \u00fcberraschende Serie m\u00e4rchenhafter Zeichnungen und Aquarelle hervor.<br \/>\nEin anderer Traum wurde geboren\u2026<\/p>\n<p><img loading=\"lazy\" decoding=\"async\" class=\"alignnone size-medium wp-image-958\" src=\"http:\/\/www.eilandgalerij.nl\/site\/wp-content\/uploads\/2014\/09\/DUART-CASTLE-300x214.jpg\" alt=\"DUART CASTLE\" width=\"300\" height=\"214\" srcset=\"https:\/\/www.eilandgalerij.nl\/site\/wp-content\/uploads\/2014\/09\/DUART-CASTLE-300x214.jpg 300w, https:\/\/www.eilandgalerij.nl\/site\/wp-content\/uploads\/2014\/09\/DUART-CASTLE.jpg 700w\" sizes=\"auto, (max-width: 300px) 100vw, 300px\" \/><\/p>\n<p>1978 zog er um- aber nicht auf eine andere Insel- sondern auf Texel, in den Polder Eierland. Da sah er die besten M\u00f6glichkeiten f\u00fcr seine Entfaltung als bildender K\u00fcnstler.<br \/>\nDie ehemalige Schule von Zuid-Eierland wurde eigenh\u00e4ndig umgebaut als Atelier, Ausstellungsraum und Wohnraum. Das gro\u00dfe Geb\u00e4ude, das neue gro\u00dfz\u00fcgige Atelier mit viel Licht und der weitl\u00e4ufigen Umgebung gewannen gro\u00dfen Einfluss auf sein Leben und auf seine Arbeit. Die umfangreiche Neugestaltung des alten Geb\u00e4udes und des Grundst\u00fccks bestimmten zunehmend sein Denken und mehr und mehr auch seine k\u00fcnstlerische Produktivit\u00e4t.<br \/>\nKreativ zu arbeiten bekam von nun an eine neue Bedeutung, zum Arbeiten im Traumatelier blieb wenig Zeit. Der Begriff \u201cBastelschule\u201d bekam mit den Jahren eine andere Ladung. Mitunter fragte sich der K\u00fcnstler: &#8220;Mu\u00df ich Hausmaler sein, oder kann ich mit Farbe Maler sein&#8221;?<br \/>\nUm dem Druck des eigenen Projektes zu entfliehen, reiste Niek regelm\u00e4\u00dfig nach Schottland. Die Stein- und Basaltformationen auf der Insel Mull faszinieren ihn immer wieder; Felsenk\u00fcste ist ein packender Gegensatz zum flachen Polder und dem Texelschen Sandstrand.<\/p>\n<p>1992 suchte Niek den Kontrast auf einer besonderen Insel. Er verbrachte geraume Zeit auf der Osterinsel im Pazifik um sich einen weiteren Jugendtraum zu erf\u00fcllen. Au\u00dferdem wollte er der f\u00fcr viele unbekannten Partnerschaft mit Texel neuen Inhalt geben. Niek machte auf der geheimnisvollen Insel 85 phantasievolle Zeichnungen und kehrte bereichert und mit vielen Geschichten zur\u00fcck. Die \u00fcberw\u00e4ltigenden Eindr\u00fccke dieser Reise als \u201cMalender Gesandter\u201d sollen sein Leben und seine Arbeit noch lange beinflussen- zumal mit einem Moai vor der T\u00fcr. Durch die Skulptur, die ein Jahr sp\u00e4ter auf und f\u00fcr Texel durch einen Bildhauer von der Osterinsel gemacht wurde, hat die Verbindung zwischen den Inseln dauerhaft Gestalt angenommen.<\/p>\n<p>1994 nimmt sein bis dahin solistisches Leben eine neue Wende: Kerstin Edelmann, der er 1990 auf der Insel Iona bei Mull begegnete, kommt nach Texel um ihr Leben mit ihm zu teilen und sich eine eigene Existenz als Keramikerin aufzubauen. Seitdem gibt es einen zus\u00e4tzlichen Ansporn das monumentale Geb\u00e4ude weiter zu versch\u00f6nern und zu restaurieren. Auch der bereits angelegte (Skulpturen-) Garten konnte gemeinsam vervollst\u00e4ndigt und eingerichtet werden f\u00fcr die Pr\u00e4sentation von keramischen Objekten.<br \/>\nInseln und das umgebende Wasser bilden den \u201cblauen Faden\u201d im Leben der beiden K\u00fcnstler. Um dieses Gef\u00fchl und die gemeinsame neue Richtung zu formulieren wurde f\u00fcr das kulturell ausgerichtete Geb\u00e4ude der neue Name \u201cEiland Galerij\u201d gew\u00e4hlt.<\/p>\n<p>Die Eiland Galerij als eigener Ausstellungsraum (seinerzeit der erste auf Texel) hat mit dazu beigetragen, dass das Werk von Niek Welboren nicht oft ausserhalb der Insel zu sehen war. Gleichwohl hatte er einzelne Solo-Ausstellungen u.a. in Brampton (GB), Hilden (D), Rijnsburg und Den Helder. Niek Welboren hat sich auf seine eigene Art entwickeln k\u00f6nnen, trotz der Beschr\u00e4nkungen, aber sicher auch dank der Vorteile seines nat\u00fcrlichen Lebensraumes. Sein Werk ist daher tats\u00e4chlich\u00a0 urspr\u00fcnglich zu nennen.<br \/>\nAls Maler entwickelte er eine eigene Formensprache f\u00fcr seine h\u00e4ufig abstrahierten Insel- und K\u00fcstenimpressionen. Seine Arbeit dreht sich in zunehmenden Ma\u00dfe um das Erleben der Landschaft und die \u0170bersetzung von wesentlichen Kennzeichen, nicht mehr so wie fr\u00fcher um die exakte Wiedergabe.<\/p>\n<p>Niek Welboren ist immer noch ein ge\u00fcbter Zeichner und seine Vorstudien f\u00fcr Bilder werden meistens erst \u201caltmodisch\u201d mit Bleistift zu Papier gebracht. Zahlreiche Notizen und kleine Skizzen von manchmal schnell sich ver\u00e4ndernden Momenten gehen seinen gr\u00f6\u00dferen Arbeiten auf Leinwand voraus.<br \/>\nThemen oder Impressionen bewahrt er lange auf, manchmal verstreichen mehrere Jahre zwischen der ersten Skizze und der sp\u00e4teren Ausarbeitung.<br \/>\nAls Reklamezeichner und Dekorateur hat er f\u00fcr viele Texelsche Betriebe gearbeitet; seine Entw\u00fcrfe und Ideen werden f\u00fcr Druckwerk und andere Pr\u00e4sentationen eingesetzt. Seine Handschrift ist deutlich zu erkennen und noch stets auf der Insel zu finden. Seine detaillierten Zeichnungen und Miniaturen werden auch f\u00fcr Buchillustrationen verwendet. Die Zeichnungen, Aquarelle und Bilder wurden und werden haupts\u00e4chlich von privat angekauft. Auf dem B\u00fcrgersteig, im kleinen Laden f\u00fcr Druckgraphik und seit 1978 im eigenen Ausstellungsraum &#8211; seine Werke haben sich von der Insel aus weiter \u00fcber Land und auch weit \u00fcber See verbreitet.<\/p>\n<p>Niek Welboren hat auf der Insel Texel seine Tr\u00e4ume verwirklicht. Und er hat noch nicht \u201causgetr\u00e4umt\u201d. In, auf und durch seine eigene \u201cBastelschule\u201d hat er sich als K\u00fcnstler entwickeln k\u00f6nnen. Er ist ein begeisterter Kunstmaler und mit den Jahren wurde er auch zum fachkundigen Hausmaler.<\/p>\n<p>&nbsp;<\/p>\n<p>&nbsp;<\/p>\n<p>&nbsp;<\/p>\n<p>&nbsp;<\/p>\n<p>&nbsp;<\/p>\n<p>&nbsp;<\/p>\n<p>&nbsp;<\/p>\n","protected":false},"excerpt":{"rendered":"<p>Niek Welboren Maler und Zeichner Niek Welboren wurde 1946 in Den Helder geboren. Seit 1954 wohnt er auf Texel, auf der anderen Seite des \u201cMarsdiep\u201d. Bereits fr\u00fch zeigte sich deutlich seine kreatives Talent. Unter dem Dachgiebel des elterlichen Hauses hatte er sein eigenes \u201cAtelier\u201d und dachte an eine Zukunft als \u201cArtist\u201d. Mit zw\u00f6lf Jahren verkaufte <a class=\"more-link\" href=\"https:\/\/www.eilandgalerij.nl\/de\/niek-welboren\/\" rel=\"nofollow\">lees meer&nbsp;><\/a><\/p>\n","protected":false},"author":3,"featured_media":0,"parent":0,"menu_order":2,"comment_status":"closed","ping_status":"closed","template":"","meta":{"_acf_changed":false,"_genesis_hide_title":false,"_genesis_hide_breadcrumbs":false,"_genesis_hide_singular_image":false,"_genesis_hide_footer_widgets":false,"_genesis_custom_body_class":"","_genesis_custom_post_class":"","_genesis_layout":"","footnotes":""},"class_list":{"0":"post-460","1":"page","2":"type-page","3":"status-publish","5":"entry"},"acf":[],"_links":{"self":[{"href":"https:\/\/www.eilandgalerij.nl\/de\/wp-json\/wp\/v2\/pages\/460","targetHints":{"allow":["GET"]}}],"collection":[{"href":"https:\/\/www.eilandgalerij.nl\/de\/wp-json\/wp\/v2\/pages"}],"about":[{"href":"https:\/\/www.eilandgalerij.nl\/de\/wp-json\/wp\/v2\/types\/page"}],"author":[{"embeddable":true,"href":"https:\/\/www.eilandgalerij.nl\/de\/wp-json\/wp\/v2\/users\/3"}],"replies":[{"embeddable":true,"href":"https:\/\/www.eilandgalerij.nl\/de\/wp-json\/wp\/v2\/comments?post=460"}],"version-history":[{"count":4,"href":"https:\/\/www.eilandgalerij.nl\/de\/wp-json\/wp\/v2\/pages\/460\/revisions"}],"predecessor-version":[{"id":1071,"href":"https:\/\/www.eilandgalerij.nl\/de\/wp-json\/wp\/v2\/pages\/460\/revisions\/1071"}],"wp:attachment":[{"href":"https:\/\/www.eilandgalerij.nl\/de\/wp-json\/wp\/v2\/media?parent=460"}],"curies":[{"name":"wp","href":"https:\/\/api.w.org\/{rel}","templated":true}]}}